{"id":2096,"date":"2025-12-17T18:39:57","date_gmt":"2025-12-17T10:39:57","guid":{"rendered":"https:\/\/mojieguoji.com\/?page_id=2096"},"modified":"2025-12-17T18:56:37","modified_gmt":"2025-12-17T10:56:37","slug":"terms-of-transport","status":"publish","type":"page","link":"https:\/\/mojieguoji.com\/es\/terms-of-transport\/","title":{"rendered":"Condiciones de transporte"},"content":{"rendered":"<div data-elementor-type=\"wp-page\" data-elementor-id=\"2096\" class=\"elementor elementor-2096\" data-elementor-post-type=\"page\">\n\t\t\t\t<div class=\"elementor-element elementor-element-ba2e5ec e-flex e-con-boxed e-con e-parent\" data-id=\"ba2e5ec\" data-element_type=\"container\" data-e-type=\"container\">\n\t\t\t\t\t<div class=\"e-con-inner\">\n\t\t\t\t<div class=\"elementor-element elementor-element-bcbafb8 elementor-widget elementor-widget-heading\" data-id=\"bcbafb8\" data-element_type=\"widget\" data-e-type=\"widget\" data-widget_type=\"heading.default\">\n\t\t\t\t\t<h1 class=\"elementor-heading-title elementor-size-default\">Acuerdo de t\u00e9rminos y condiciones de transporte de MoJie International Logistics<\/h1>\t\t\t\t<\/div>\n\t\t\t\t<div class=\"elementor-element elementor-element-487ee92 elementor-widget elementor-widget-text-editor\" data-id=\"487ee92\" data-element_type=\"widget\" data-e-type=\"widget\" data-widget_type=\"text-editor.default\">\n\t\t\t\t\t\t\t\t\t<p>Estos t\u00e9rminos y condiciones establecen los derechos, obligaciones y responsabilidades entre Mojet International Logistics, como transportista, y usted (el remitente). Los puntos clave incluyen: 1) Nuestra responsabilidad se rige por las Reglas de La Haya-Visby y est\u00e1 sujeta a l\u00edmites; 2) La declaraci\u00f3n precisa de los detalles de la carga es su responsabilidad principal; 3) restricciones al transporte de mercanc\u00edas espec\u00edficas (como objetos de valor y mercanc\u00edas peligrosas); 4) procedimientos claros para las tarifas, los pagos y las reclamaciones. Al confiarnos el transporte, usted acepta todos los t\u00e9rminos en su totalidad.<\/p>\t\t\t\t\t\t\t\t<\/div>\n\t\t\t\t<div class=\"elementor-element elementor-element-d190ece elementor-widget elementor-widget-heading\" data-id=\"d190ece\" data-element_type=\"widget\" data-e-type=\"widget\" data-widget_type=\"heading.default\">\n\t\t\t\t\t<h2 class=\"elementor-heading-title elementor-size-default\">Acuerdo sobre las condiciones de transporte de la l\u00ednea dedicada al transporte a\u00e9reo y mar\u00edtimo<\/h2>\t\t\t\t<\/div>\n\t\t\t\t<div class=\"elementor-element elementor-element-a90bdb4 elementor-widget elementor-widget-text-editor\" data-id=\"a90bdb4\" data-element_type=\"widget\" data-e-type=\"widget\" data-widget_type=\"text-editor.default\">\n\t\t\t\t\t\t\t\t\t<p><strong>Normas sistem\u00e1ticas de facturaci\u00f3n operativa:<\/strong><\/p><p>1. Las dimensiones de las cajas de cart\u00f3n se calcular\u00e1n seg\u00fan los cent\u00edmetros est\u00e1ndar;<br \/>2. Varios art\u00edculos por env\u00edo: la f\u00f3rmula de c\u00e1lculo del sistema L\u00b7W\u00b7H se redondea a tres decimales y luego se multiplica por el n\u00famero de art\u00edculos.<br \/>3. M\u00e9todo de fijaci\u00f3n de precios basado en el volumen: Longitud \u00d7 Ancho \u00d7 Altura (unidad: cm) \/ 6000 = peso volum\u00e9trico (kg);<br \/>4. Precio basado en el volumen: 1 metro c\u00fabico: 300 kg. No hay l\u00edmite de peso por art\u00edculo, pero las dimensiones individuales no deben superar los 500 cm y las dimensiones combinadas no deben superar los 220 cm.<br \/>5. Para art\u00edculos de gran tama\u00f1o o extragrandes, \u00a1consulte por separado con el servicio de atenci\u00f3n al cliente!<\/p><p><strong>Procedimientos de embalaje y manipulaci\u00f3n de mercanc\u00edas:<\/strong><\/p><p>1. Todos los productos entregados en el almac\u00e9n deben llevar el c\u00f3digo de cliente adherido a cada art\u00edculo. Los productos sin c\u00f3digo se considerar\u00e1n no reclamados.<br \/>2. El cliente debe proporcionar una factura proforma completa, una lista de empaque detallada y el valor declarado.<br \/>3. Los productos destinados a canales de distribuci\u00f3n y direcciones privadas deben embalarse en sacos tejidos para evitar da\u00f1os en los cartones durante el transporte.<br \/>4. Para los productos de comercio electr\u00f3nico, proporcione los productos D y el vendedor D, coloque la etiqueta de env\u00edo y entr\u00e9guelos en el almac\u00e9n.<br \/>5. Al embalar los productos, aseg\u00farese de utilizar cajas de cart\u00f3n de alta calidad para evitar deformaciones tras el env\u00edo nacional, lo que podr\u00eda aumentar las dimensiones reales.<br \/>6. Los art\u00edculos fr\u00e1giles deben ser embalados por el cliente; se pueden solicitar cajas de madera o marcos de madera aptos para la exportaci\u00f3n.<\/p><p>Nota: Para art\u00edculos de gran tama\u00f1o (que superen los 68 kg) entregados en almacenes, los camiones deben estar equipados con elevadores traseros el\u00e9ctricos. Los veh\u00edculos que no dispongan de elevadores traseros el\u00e9ctricos deber\u00e1n contratar externamente carretillas elevadoras (280 RMB por cada caso) para la carga y descarga.<\/p><p><strong>Requisitos para exportar cajas de madera:<\/strong><\/p><p>1. Se deben colocar bisagras (para fines de inspecci\u00f3n aduanera) y el empaque no debe estar sellado.<br \/>2. No se puede utilizar madera maciza (ya que no se puede exportar); en su lugar, se deben utilizar tableros compuestos.<br \/>3. Deben estar equipados con cavidades para carretillas elevadoras de 9 cm (las carretillas elevadoras no pueden acceder a cavidades inferiores a 9 cm).<\/p><p><strong>Entrega en la \u00faltima milla:<\/strong><\/p><p>1. Ciudad de M\u00e9xico (\u00e1rea CDMX): Entrega a domicilio por parte de los camiones de nuestra empresa, con monitoreo y escaneo completos a bordo del veh\u00edculo a trav\u00e9s de nuestro sistema log\u00edstico propio. Esto incluye el env\u00edo desde el almac\u00e9n, la confirmaci\u00f3n del recibo escaneado y la carga de las firmas de los clientes. Los clientes deben asegurarse de que sus firmas sean completamente legibles.<br \/>2. Mercanc\u00edas de comercio electr\u00f3nico: como agente transportista, nuestra empresa coordina las citas con el almac\u00e9n. Una vez entregada la mercanc\u00eda en el almac\u00e9n, devolvemos el recibo firmado al cliente.<br \/>3. Para entregas a otras ciudades, utilizamos m\u00faltiples proveedores de log\u00edstica locales con los que hemos establecido asociaciones duraderas como agentes de entrega externos.<\/p><p><strong>Notas sobre el transporte:<\/strong><\/p><p>1. Si el destinatario se niega a aceptar el env\u00edo, los gastos de devoluci\u00f3n y cualquier otro costo adicional correr\u00e1n a cargo del cliente.<br \/>2. Si se descubre alguna tergiversaci\u00f3n en las descripciones de los productos, nuestra empresa lo considerar\u00e1 una actividad fraudulenta. Nos reservamos el derecho de confiscar los productos en cuesti\u00f3n, y todos los gastos asociados correr\u00e1n a cargo del cliente responsable de la tergiversaci\u00f3n.<br \/>3. Mercanc\u00edas peligrosas y prohibidas: art\u00edculos que incluyan sustancias inflamables y combustibles, materiales t\u00f3xicos, sustancias radiactivas, gases no identificados; art\u00edculos sujetos a cuarentena animal y vegetal; sustancias l\u00edquidas y en polvo, incluidos organismos vivos; productos del tabaco; pornograf\u00eda y art\u00edculos pirateados; y todos los art\u00edculos cuyo transporte est\u00e9 prohibido o restringido por las leyes y reglamentos. No se aceptar\u00e1n para su transporte las mercanc\u00edas que lleven etiquetas de art\u00edculos prohibidos en la aviaci\u00f3n en el embalaje interno o externo, o en las propias mercanc\u00edas. En caso de que se produzca una inspecci\u00f3n aduanera, todas las responsabilidades derivadas de la misma correr\u00e1n a cargo del remitente.<br \/>4. Si las mercanc\u00edas permanecen en nuestro almac\u00e9n durante m\u00e1s de 30 d\u00edas despu\u00e9s del despacho de aduana en el puerto de destino debido a que el cliente no ha liquidado puntualmente los gastos de transporte, se considerar\u00e1n transferidas a un almac\u00e9n en el extranjero y estar\u00e1n sujetas a gastos de almacenamiento adicionales de acuerdo con las tarifas de los almacenes en el extranjero. Las mercanc\u00edas que permanezcan sin recoger durante m\u00e1s de 180 d\u00edas, o que no se resuelvan en un plazo razonable tras nuestra notificaci\u00f3n formal, se considerar\u00e1n abandonadas. Nos reservamos el derecho a disponer de dichas mercanc\u00edas y a reclamar una indemnizaci\u00f3n por todos los gastos asociados incurridos.<br \/>5. Los gastos de transporte y los gastos incurridos durante el tr\u00e1nsito se pagar\u00e1n en el momento de la entrega de las mercanc\u00edas; otros gastos, como las tasas por demora, se pagar\u00e1n a partir de la fecha en que se produzcan.<br \/>6. Para art\u00edculos espec\u00edficos, consulte por separado con el servicio al cliente.<\/p><p><strong>Normas de compensaci\u00f3n:<\/strong><\/p><p>En caso de que las mercanc\u00edas sean retenidas en la aduana o se pierdan por cualquier motivo, nuestra empresa indemnizar\u00e1 hasta una vez el costo del flete y reembolsar\u00e1 el costo original del flete, sin discusi\u00f3n.<\/p><p><strong>Seguro de carga:<\/strong><\/p><p>1.<strong>Para la carga general por mar, las primas se cobran al 5 % del valor declarado. Para la carga sensible por mar, las primas se cobran al 8 % del valor declarado. Para el transporte a\u00e9reo, las primas se cobran de manera uniforme al 5 % del valor declarado.<\/strong>En caso de p\u00e9rdida o retenci\u00f3n de la mercanc\u00eda, se proporcionar\u00e1 una indemnizaci\u00f3n completa de acuerdo con el sistema de seguimiento de la carga y se reembolsar\u00e1n los gastos de transporte.<br \/>2. El valor declarado de las mercanc\u00edas debe presentarse y el seguro debe confirmarse antes de la carga del contenedor.<br \/>3. Si tiene alguna pregunta, comun\u00edquese directamente con el servicio al cliente.<\/p><p><strong>Las siguientes circunstancias quedan excluidas del \u00e1mbito de aplicaci\u00f3n de las reclamaciones:<\/strong><\/p><p>1. No se aceptar\u00e1n reclamaciones de indemnizaci\u00f3n cuando los bienes se da\u00f1en o se pierdan debido a causas de fuerza mayor, como guerras o desastres naturales.<br \/>2. No se aceptar\u00e1n reclamaciones de indemnizaci\u00f3n por retrasos generales sufridos durante el transporte debido a retrasos en los vuelos, retrasos en el despacho de aduanas o circunstancias similares.<br \/>3. No se aceptar\u00e1n reclamaciones por art\u00edculos perdidos o da\u00f1ados.<br \/>4. No se aceptar\u00e1 ninguna compensaci\u00f3n por da\u00f1os a art\u00edculos fr\u00e1giles durante el transporte.<br \/>5. No se aceptar\u00e1n reclamaciones de indemnizaci\u00f3n cuando las mercanc\u00edas se hayan empapado debido a circunstancias excepcionales derivadas de condiciones meteorol\u00f3gicas adversas.<\/p>\t\t\t\t\t\t\t\t<\/div>\n\t\t\t\t\t<\/div>\n\t\t\t\t<\/div>\n\t\t\t\t<\/div>","protected":false},"excerpt":{"rendered":"<p>\u58a8\u6377\u56fd\u9645\u7269\u6d41\u8fd0\u8f93\u6761\u6b3e\u534f\u8bae \u672c\u6761\u6b3e\u65e8\u5728\u660e\u786e\u58a8\u6377\u56fd\u9645\u7269\u6d41\u4f5c\u4e3a\u627f\u8fd0\u4eba\uff0c\u4e0e\u60a8\uff08\u53d1\u8d27\u4eba\uff09\u4e4b\u95f4\u7684\u6743\u5229\u3001\u4e49\u52a1\u548c\u8d23\u4efb\u3002\u91cd\u70b9\u5305\u62ec [&hellip;]<\/p>\n","protected":false},"author":1,"featured_media":0,"parent":0,"menu_order":0,"comment_status":"closed","ping_status":"closed","template":"elementor_header_footer","meta":{"_acf_changed":false,"_seopress_robots_primary_cat":"","_seopress_titles_title":"","_seopress_titles_desc":"","_seopress_robots_index":"","footnotes":""},"class_list":["post-2096","page","type-page","status-publish","hentry"],"acf":[],"_links":{"self":[{"href":"https:\/\/mojieguoji.com\/es\/wp-json\/wp\/v2\/pages\/2096","targetHints":{"allow":["GET"]}}],"collection":[{"href":"https:\/\/mojieguoji.com\/es\/wp-json\/wp\/v2\/pages"}],"about":[{"href":"https:\/\/mojieguoji.com\/es\/wp-json\/wp\/v2\/types\/page"}],"author":[{"embeddable":true,"href":"https:\/\/mojieguoji.com\/es\/wp-json\/wp\/v2\/users\/1"}],"replies":[{"embeddable":true,"href":"https:\/\/mojieguoji.com\/es\/wp-json\/wp\/v2\/comments?post=2096"}],"version-history":[{"count":0,"href":"https:\/\/mojieguoji.com\/es\/wp-json\/wp\/v2\/pages\/2096\/revisions"}],"wp:attachment":[{"href":"https:\/\/mojieguoji.com\/es\/wp-json\/wp\/v2\/media?parent=2096"}],"curies":[{"name":"wp","href":"https:\/\/api.w.org\/{rel}","templated":true}]}}