{"id":3,"date":"2024-04-13T17:07:39","date_gmt":"2024-04-13T17:07:39","guid":{"rendered":"https:\/\/mojieguoji.com\/?page_id=3"},"modified":"2025-12-17T19:05:00","modified_gmt":"2025-12-17T11:05:00","slug":"privacy-policy","status":"publish","type":"page","link":"https:\/\/mojieguoji.com\/es\/privacy-policy\/","title":{"rendered":"Pol\u00edtica de privacidad"},"content":{"rendered":"<div data-elementor-type=\"wp-page\" data-elementor-id=\"3\" class=\"elementor elementor-3\" data-elementor-post-type=\"page\">\n\t\t\t\t<div class=\"elementor-element elementor-element-11c7b920 e-flex e-con-boxed e-con e-parent\" data-id=\"11c7b920\" data-element_type=\"container\" data-e-type=\"container\" data-settings=\"{&quot;background_background&quot;:&quot;classic&quot;}\">\n\t\t\t\t\t<div class=\"e-con-inner\">\n\t\t\t\t<div class=\"elementor-element elementor-element-c5c504c elementor-widget elementor-widget-heading\" data-id=\"c5c504c\" data-element_type=\"widget\" data-e-type=\"widget\" data-widget_type=\"heading.default\">\n\t\t\t\t\t<h1 class=\"elementor-heading-title elementor-size-default\">Pol\u00edtica de privacidad | MoJie International Logistics: especialista en log\u00edstica transfronteriza entre China y M\u00e9xico<\/h1>\t\t\t\t<\/div>\n\t\t\t\t<div class=\"elementor-element elementor-element-b1f9cff elementor-widget elementor-widget-text-editor\" data-id=\"b1f9cff\" data-element_type=\"widget\" data-e-type=\"widget\" data-widget_type=\"text-editor.default\">\n\t\t\t\t\t\t\t\t\t<p class=\"ds-markdown-paragraph\"><strong>\u00daltima actualizaci\u00f3n:<\/strong>1 de enero de 2022<\/p>\n<p class=\"ds-markdown-paragraph\">Moji International Logistics (en adelante, \u201cnosotros\u201d, \u201cnuestra empresa\u201d) reconoce plenamente la importancia que tiene para usted su informaci\u00f3n personal y se compromete a proteger su privacidad. La presente Pol\u00edtica de privacidad tiene por objeto explicar claramente c\u00f3mo tratamos su informaci\u00f3n personal cuando utiliza nuestro sitio web (<a href=\"https:\/\/mojieguoji.com\/es\/\">mojieguoji.com<\/a>Cuando utiliza nuestros productos y servicios, incluidos nuestros servicios log\u00edsticos, c\u00f3mo recopilamos, utilizamos, almacenamos, compartimos y protegemos su informaci\u00f3n personal, y cu\u00e1les son sus derechos.<\/p>\n<p class=\"ds-markdown-paragraph\">Por favor, lea atentamente y comprenda esta pol\u00edtica antes de utilizar nuestros servicios.<\/p>\n<h4><strong>1. Definici\u00f3n<\/strong><\/h4>\n<ul>\n<li>\n<p class=\"ds-markdown-paragraph\"><strong>Informaci\u00f3n personal:<\/strong>\u00a0Los datos personales son cualquier informaci\u00f3n registrada en formato electr\u00f3nico o de otro tipo que, por s\u00ed sola o en combinaci\u00f3n con otra informaci\u00f3n, pueda identificar a una persona f\u00edsica espec\u00edfica o reflejar las actividades de una persona f\u00edsica espec\u00edfica.<\/p>\n<\/li>\n<li>\n<p class=\"ds-markdown-paragraph\"><strong>Informaci\u00f3n personal confidencial:<\/strong>\u00a0Informaci\u00f3n personal que, si se divulga o se utiliza de manera ilegal, puede dar lugar a discriminaci\u00f3n o da\u00f1os graves a una persona. En el marco de este servicio, esto incluye n\u00fameros de documentos de identificaci\u00f3n, informaci\u00f3n financiera, ubicaciones geogr\u00e1ficas precisas y datos similares.<\/p>\n<\/li>\n<li>\n<p class=\"ds-markdown-paragraph\"><strong>Procesamiento de datos:<\/strong>\u00a0Incluyendo la recopilaci\u00f3n, el almacenamiento, el uso, el procesamiento, la transmisi\u00f3n, el suministro, la divulgaci\u00f3n y la eliminaci\u00f3n de informaci\u00f3n personal.<\/p>\n<\/li>\n<\/ul>\n<h4><strong>2. \u00bfQu\u00e9 informaci\u00f3n recopilamos?<\/strong><\/h4>\n<p class=\"ds-markdown-paragraph\">Solo recopilaremos la informaci\u00f3n necesaria para los fines y servicios descritos en esta pol\u00edtica.<\/p>\n<div class=\"ds-scroll-area _1210dd7 c03cafe9\">\n<div class=\"ds-scroll-area__gutters\">\n<div class=\"ds-scroll-area__horizontal-gutter\">\u00a0<\/div>\n<div class=\"ds-scroll-area__vertical-gutter\">\u00a0<\/div>\n<\/div>\n<table>\n<thead>\n<tr>\n<th>Categor\u00eda de informaci\u00f3n<\/th>\n<th>Detalles espec\u00edficos<\/th>\n<th>Escenarios y objetivos de la recolecci\u00f3n<\/th>\n<\/tr>\n<\/thead>\n<tbody>\n<tr>\n<td><strong>Informaci\u00f3n que ha proporcionado voluntariamente<\/strong><\/td>\n<td><strong>Datos de contacto:<\/strong>\u00a0Nombre, nombre de la empresa, direcci\u00f3n de correo electr\u00f3nico, n\u00famero de tel\u00e9fono, direcci\u00f3n postal.<br \/><strong>Informaci\u00f3n sobre identidad y despacho de aduanas:<\/strong>\u00a0N\u00famero de identificaci\u00f3n del remitente\/destinatario (por ejemplo, n\u00famero de identificaci\u00f3n chino, n\u00famero fiscal mexicano CURP\/RFC), datos del pasaporte (cuando corresponda).<br \/><strong>Informaci\u00f3n sobre los productos:<\/strong>\u00a0Nombre del producto, cantidad, valor, factura comercial, lista de empaque.<br \/><strong>Informaci\u00f3n financiera:<\/strong>\u00a0Detalles de la cuenta de pago (nosotros<strong>No almacenado<\/strong>Datos completos de la tarjeta de cr\u00e9dito (el pago se procesa a trav\u00e9s de una pasarela de pago de terceros).<\/td>\n<td>Se recopilan cuando solicita un presupuesto, crea un albar\u00e1n, programa una recogida, se pone en contacto con el servicio de atenci\u00f3n al cliente o se suscribe a las actualizaciones. Se utilizan para prestar servicios, gestionar el despacho de aduanas, organizar el transporte, comunicar actualizaciones de estado, procesar pagos y cumplir con las obligaciones legales.<\/td>\n<\/tr>\n<tr>\n<td><strong>Informaci\u00f3n que recopilamos autom\u00e1ticamente<\/strong><\/td>\n<td><strong>Informaci\u00f3n sobre el equipo y el registro:<\/strong>\u00a0Direcci\u00f3n IP, tipo de navegador, sistema operativo, hora de acceso, datos de clics, comportamiento de navegaci\u00f3n en el sitio web.<br \/><strong>Cookies y tecnolog\u00edas de seguimiento:<\/strong>\u00a0Utilizamos cookies esenciales para mantener la funcionalidad del sitio web (como mantener su estado de inicio de sesi\u00f3n) y utilizamos cookies anal\u00edticas (como Google Analytics) para comprender el uso del sitio web y mejorar su experiencia.<\/td>\n<td>Se recopilan autom\u00e1ticamente cuando navega por nuestro sitio web. Se utilizan para el funcionamiento y mantenimiento del sitio web, la protecci\u00f3n de la ciberseguridad, el an\u00e1lisis y la mejora de los servicios, y la personalizaci\u00f3n de la experiencia (por ejemplo, recordar las preferencias de idioma).<\/td>\n<\/tr>\n<tr>\n<td><strong>Informaci\u00f3n obtenida de terceros<\/strong><\/td>\n<td>Cuando sea legal y con su autorizaci\u00f3n, podremos obtener las actualizaciones necesarias sobre el estado log\u00edstico de nuestros socios, como transportistas y agentes de aduanas.<\/td>\n<td>Para ofrecerte servicios integrales de seguimiento log\u00edstico.<\/td>\n<\/tr>\n<\/tbody>\n<\/table>\n<\/div>\n<h4><strong>3. C\u00f3mo utilizamos su informaci\u00f3n<\/strong><\/h4>\n<p class=\"ds-markdown-paragraph\">Nos comprometemos a tratar su informaci\u00f3n personal \u00fanicamente sobre las siguientes bases legales:<\/p>\n<ul>\n<li>\n<p class=\"ds-markdown-paragraph\"><strong>Cumplimiento del contrato:<\/strong>\u00a0Proporcionarle los servicios de log\u00edstica y transporte solicitados.<\/p>\n<\/li>\n<li>\n<p class=\"ds-markdown-paragraph\"><strong>Cumplimiento de las obligaciones legales:<\/strong>\u00a0Cumplir con las leyes y normativas aduaneras, fiscales y de seguridad de China, M\u00e9xico y otras jurisdicciones pertinentes.<\/p>\n<\/li>\n<li>\n<p class=\"ds-markdown-paragraph\"><strong>Intereses leg\u00edtimos:<\/strong>\u00a0Para mejorar la calidad de nuestros servicios, prevenir el fraude y salvaguardar la seguridad de la red y la informaci\u00f3n, siempre que dichos intereses no prevalezcan sobre sus derechos.<\/p>\n<\/li>\n<li>\n<p class=\"ds-markdown-paragraph\"><strong>Con su consentimiento:<\/strong>\u00a0Con su consentimiento expl\u00edcito, con fines de mercadotecnia (como el env\u00edo de correos electr\u00f3nicos promocionales). Puede retirar su consentimiento en cualquier momento.<\/p>\n<\/li>\n<\/ul>\n<h4><strong>4. C\u00f3mo compartimos y transferimos su informaci\u00f3n<\/strong><\/h4>\n<p class=\"ds-markdown-paragraph\">Solo compartimos su informaci\u00f3n en las siguientes circunstancias, asegur\u00e1ndonos de que est\u00e9 sujeta a acuerdos de confidencialidad:<\/p>\n<ul>\n<li>\n<p class=\"ds-markdown-paragraph\"><strong>Proveedor de servicios:<\/strong>\u00a0Compartida con nuestros socios de servicios, incluyendo, entre otros: transportistas (compa\u00f1\u00edas a\u00e9reas, navieras, empresas de transporte por carretera), socios locales de entrega en M\u00e9xico, agentes de despacho de aduanas, proveedores de servicios en la nube y proveedores de sistemas de servicio al cliente. Solo pueden procesar la informaci\u00f3n de acuerdo con nuestras instrucciones.<\/p>\n<\/li>\n<li>\n<p class=\"ds-markdown-paragraph\"><strong>Requisitos legales y normativos:<\/strong>\u00a0Divulgaci\u00f3n en respuesta a solicitudes de autoridades gubernamentales o judiciales de China, M\u00e9xico u otras jurisdicciones, para cumplir con las leyes y reglamentos, hacer cumplir \u00f3rdenes judiciales o proteger intereses p\u00fablicos importantes.<\/p>\n<\/li>\n<li>\n<p class=\"ds-markdown-paragraph\"><strong>Transmisi\u00f3n transfronteriza:<\/strong>\u00a0Debido a la naturaleza de nuestros servicios, su informaci\u00f3n<strong>se transmitir\u00e1 inevitablemente a M\u00e9xico<\/strong>Para el despacho de aduanas y la distribuci\u00f3n local. Garantizamos que se proporciona una protecci\u00f3n equivalente a la que se ofrece dentro del territorio mediante cl\u00e1usulas contractuales est\u00e1ndar y evaluaciones de las normas de protecci\u00f3n de datos del destinatario.<\/p>\n<\/li>\n<li>\n<p class=\"ds-markdown-paragraph\"><strong>Transferencia de negocios:<\/strong>\u00a0En caso de fusi\u00f3n, adquisici\u00f3n o venta de activos, su informaci\u00f3n puede ser transferida como parte de la transacci\u00f3n, y nos aseguraremos de que siga estando sujeta a esta pol\u00edtica.<\/p>\n<\/li>\n<\/ul>\n<h4><strong>5. C\u00f3mo protegemos su informaci\u00f3n<\/strong><\/h4>\n<p class=\"ds-markdown-paragraph\">Empleamos medidas t\u00e9cnicas y organizativas est\u00e1ndar en el sector (como transmisi\u00f3n cifrada, controles de acceso y auditor\u00edas de seguridad peri\u00f3dicas) para proteger su informaci\u00f3n contra p\u00e9rdida, uso indebido, acceso no autorizado, divulgaci\u00f3n, alteraci\u00f3n y destrucci\u00f3n. Nuestro personal recibe formaci\u00f3n en materia de protecci\u00f3n de la privacidad, y el acceso a la informaci\u00f3n est\u00e1 restringido a aquellas personas que tienen una necesidad leg\u00edtima de conocerla.<\/p>\n<h4><strong>6. Sus derechos<\/strong><\/h4>\n<p class=\"ds-markdown-paragraph\">En virtud de la legislaci\u00f3n aplicable, por lo general usted tiene los siguientes derechos:<\/p>\n<ul>\n<li>\n<p class=\"ds-markdown-paragraph\"><strong>Acceso y reproducci\u00f3n:<\/strong>\u00a0Solicite acceso a la informaci\u00f3n personal que tenemos sobre usted.<\/p>\n<\/li>\n<li>\n<p class=\"ds-markdown-paragraph\"><strong>Correcci\u00f3n:<\/strong>\u00a0Solicitud para actualizar o corregir informaci\u00f3n personal inexacta o incompleta.<\/p>\n<\/li>\n<li>\n<p class=\"ds-markdown-paragraph\"><strong>Eliminar:<\/strong>\u00a0En circunstancias espec\u00edficas (como cuando se ha cumplido el prop\u00f3sito del procesamiento de la informaci\u00f3n), puede solicitar la eliminaci\u00f3n de su informaci\u00f3n personal.<\/p>\n<\/li>\n<li>\n<p class=\"ds-markdown-paragraph\"><strong>Retirada del consentimiento:<\/strong>\u00a0Puede retirar su consentimiento de marketing en cualquier momento, sin que ello afecte al tratamiento de datos realizado previamente sobre la base de dicho consentimiento.<\/p>\n<\/li>\n<li>\n<p class=\"ds-markdown-paragraph\"><strong>Queja:<\/strong>\u00a0Presente una queja ante la autoridad supervisora de protecci\u00f3n de datos de su jurisdicci\u00f3n.<\/p>\n<\/li>\n<\/ul>\n<p class=\"ds-markdown-paragraph\"><strong>C\u00f3mo ejercer sus derechos:<\/strong>\u00a0Para ejercer los derechos mencionados, env\u00ede una solicitud por escrito a trav\u00e9s de los datos de contacto que figuran al final de esta pol\u00edtica. Le responderemos en el plazo establecido por la ley tras verificar su identidad.<\/p>\n<h4><strong>7. Periodo de conservaci\u00f3n de la informaci\u00f3n<\/strong><\/h4>\n<p class=\"ds-markdown-paragraph\">Conservamos su informaci\u00f3n personal solo durante el tiempo necesario para prestarle nuestros servicios. Una vez cumplido el prop\u00f3sito o en un plazo razonable tras su solicitud de eliminaci\u00f3n, eliminaremos de forma segura o anonimizaremos dicha informaci\u00f3n. Ciertos registros e informaci\u00f3n de transacciones pueden conservarse durante per\u00edodos m\u00e1s largos para cumplir con obligaciones legales, incluidas las relacionadas con impuestos y aduanas.<\/p>\n<h4><strong>8. Cookies y tecnolog\u00edas de seguimiento<\/strong><\/h4>\n<p class=\"ds-markdown-paragraph\">Puede administrar o rechazar las cookies a trav\u00e9s de la configuraci\u00f3n de su navegador. Sin embargo, tenga en cuenta que desactivar ciertas cookies puede afectar a algunas funciones del sitio web. En cuanto a las herramientas de an\u00e1lisis de terceros que utilizamos, como Google Analytics, puede visitar sus sitios web oficiales para obtener m\u00e1s informaci\u00f3n sobre sus pr\u00e1cticas de privacidad.<\/p>\n<h4><strong>9. Actualizaciones de esta Pol\u00edtica<\/strong><\/h4>\n<p class=\"ds-markdown-paragraph\">Podemos actualizar esta pol\u00edtica peri\u00f3dicamente para reflejar cambios en las pr\u00e1cticas legales, t\u00e9cnicas o comerciales. La pol\u00edtica actualizada se publicar\u00e1 en esta p\u00e1gina, con la fecha de \u201c\u00daltima actualizaci\u00f3n\u201d revisada en consecuencia. Le recomendamos que la revise peri\u00f3dicamente. En caso de cambios significativos, podemos proporcionar un aviso adicional por correo electr\u00f3nico o mediante anuncios en el sitio web.<\/p>\n<h4><strong>10. C\u00f3mo ponerse en contacto con nosotros<\/strong><\/h4>\n<p class=\"ds-markdown-paragraph\">Si tiene alguna pregunta, comentario o queja sobre esta pol\u00edtica de privacidad, o si desea ejercer sus derechos, p\u00f3ngase en contacto con nuestro responsable de protecci\u00f3n de datos a trav\u00e9s de los siguientes medios:<\/p>\n<ul>\n<li>\n<p class=\"ds-markdown-paragraph\"><strong>Nombre de la empresa:<\/strong> Mojie (Guangzhou) International Logistics Co.<\/p>\n<\/li>\n<li>\n<p class=\"ds-markdown-paragraph\"><strong>Correo electr\u00f3nico de contacto:<\/strong>330979202@qq.com<\/p>\n<\/li>\n<li>\n<p class=\"ds-markdown-paragraph\"><strong>N\u00famero de tel\u00e9fono de contacto:<\/strong>+86 13927297676<\/p>\n<\/li>\n<li>\n<p class=\"ds-markdown-paragraph\"><strong>Direcci\u00f3n postal:<\/strong>Distrito de Baiyun, ciudad de Guangzhou, provincia de Guangdong, China<\/p>\n<\/li>\n<\/ul>\n<p class=\"ds-markdown-paragraph\">Procesaremos su solicitud lo antes posible.<\/p>\t\t\t\t\t\t\t\t<\/div>\n\t\t\t\t\t<\/div>\n\t\t\t\t<\/div>\n\t\t\t\t<\/div>","protected":false},"excerpt":{"rendered":"<p>\u9690\u79c1\u653f\u7b56 | \u58a8\u6377\u56fd\u9645\u7269\u6d41 &#8211; \u4e2d\u58a8\u8de8\u5883\u7269\u6d41\u4e13\u5bb6 \u6700\u540e\u66f4\u65b0\u65e5\u671f\uff1a2022\u5e741\u67081\u65e5 \u58a8\u6377\u56fd\u9645\u7269\u6d41\uff08 [&hellip;]<\/p>\n","protected":false},"author":1,"featured_media":0,"parent":0,"menu_order":0,"comment_status":"closed","ping_status":"closed","template":"elementor_header_footer","meta":{"_acf_changed":false,"_seopress_robots_primary_cat":"","_seopress_titles_title":"","_seopress_titles_desc":"","_seopress_robots_index":"","footnotes":""},"class_list":["post-3","page","type-page","status-publish","hentry"],"acf":[],"_links":{"self":[{"href":"https:\/\/mojieguoji.com\/es\/wp-json\/wp\/v2\/pages\/3","targetHints":{"allow":["GET"]}}],"collection":[{"href":"https:\/\/mojieguoji.com\/es\/wp-json\/wp\/v2\/pages"}],"about":[{"href":"https:\/\/mojieguoji.com\/es\/wp-json\/wp\/v2\/types\/page"}],"author":[{"embeddable":true,"href":"https:\/\/mojieguoji.com\/es\/wp-json\/wp\/v2\/users\/1"}],"replies":[{"embeddable":true,"href":"https:\/\/mojieguoji.com\/es\/wp-json\/wp\/v2\/comments?post=3"}],"version-history":[{"count":0,"href":"https:\/\/mojieguoji.com\/es\/wp-json\/wp\/v2\/pages\/3\/revisions"}],"wp:attachment":[{"href":"https:\/\/mojieguoji.com\/es\/wp-json\/wp\/v2\/media?parent=3"}],"curies":[{"name":"wp","href":"https:\/\/api.w.org\/{rel}","templated":true}]}}