{"id":385,"date":"2024-04-18T18:43:29","date_gmt":"2024-04-18T10:43:29","guid":{"rendered":"https:\/\/mojieguoji.com\/?page_id=385"},"modified":"2025-12-16T20:25:09","modified_gmt":"2025-12-16T12:25:09","slug":"contact-us","status":"publish","type":"page","link":"https:\/\/mojieguoji.com\/es\/contact-us\/","title":{"rendered":"Contacto"},"content":{"rendered":"<div data-elementor-type=\"wp-page\" data-elementor-id=\"385\" class=\"elementor elementor-385\" data-elementor-post-type=\"page\">\n\t\t\t\t\t\t<section class=\"elementor-section elementor-top-section elementor-element elementor-element-47369ad9 elementor-section-height-min-height elementor-section-boxed elementor-section-height-default elementor-section-items-middle\" data-id=\"47369ad9\" data-element_type=\"section\" data-e-type=\"section\" data-settings=\"{&quot;background_background&quot;:&quot;classic&quot;}\">\n\t\t\t\t\t\t\t<div class=\"elementor-background-overlay\"><\/div>\n\t\t\t\t\t\t\t<div class=\"elementor-container elementor-column-gap-default\">\n\t\t\t\t\t<div class=\"elementor-column elementor-col-100 elementor-top-column elementor-element elementor-element-1a2ea4d2\" data-id=\"1a2ea4d2\" data-element_type=\"column\" data-e-type=\"column\">\n\t\t\t<div class=\"elementor-widget-wrap elementor-element-populated\">\n\t\t\t\t\t\t<div class=\"elementor-element elementor-element-11aba701 elementor-widget elementor-widget-heading\" data-id=\"11aba701\" data-element_type=\"widget\" data-e-type=\"widget\" data-widget_type=\"heading.default\">\n\t\t\t\t\t<h1 class=\"elementor-heading-title elementor-size-default\">Obtenga su soluci\u00f3n log\u00edstica personalizada | Equipo profesional, respuesta r\u00e1pida<\/h1>\t\t\t\t<\/div>\n\t\t\t\t\t<\/div>\n\t\t<\/div>\n\t\t\t\t\t<\/div>\n\t\t<\/section>\n\t\t\t\t<section class=\"elementor-section elementor-top-section elementor-element elementor-element-73d9f1bf elementor-reverse-tablet elementor-reverse-mobile elementor-section-boxed elementor-section-height-default elementor-section-height-default\" data-id=\"73d9f1bf\" data-element_type=\"section\" data-e-type=\"section\">\n\t\t\t\t\t\t<div class=\"elementor-container elementor-column-gap-default\">\n\t\t\t\t\t<div class=\"elementor-column elementor-col-50 elementor-top-column elementor-element elementor-element-79fe26fc\" data-id=\"79fe26fc\" data-element_type=\"column\" data-e-type=\"column\">\n\t\t\t<div class=\"elementor-widget-wrap elementor-element-populated\">\n\t\t\t\t\t\t<div class=\"elementor-element elementor-element-b40f062 elementor-widget elementor-widget-heading\" data-id=\"b40f062\" data-element_type=\"widget\" data-e-type=\"widget\" data-widget_type=\"heading.default\">\n\t\t\t\t\t<h2 class=\"elementor-heading-title elementor-size-default\">Proveedor integral de servicios log\u00edsticos en M\u00e9xico<\/h2>\t\t\t\t<\/div>\n\t\t\t\t<div class=\"elementor-element elementor-element-4ec0ddc2 animated-slow elementor-invisible elementor-widget elementor-widget-heading\" data-id=\"4ec0ddc2\" data-element_type=\"widget\" data-e-type=\"widget\" data-settings=\"{&quot;_animation&quot;:&quot;fadeInUp&quot;}\" data-widget_type=\"heading.default\">\n\t\t\t\t\t<h3 class=\"elementor-heading-title elementor-size-default\">S\u00edganos para obtener presupuestos con descuento y asistencia al cliente<\/h3>\t\t\t\t<\/div>\n\t\t\t\t<div class=\"elementor-element elementor-element-27f59ab8 elementor-widget elementor-widget-text-editor\" data-id=\"27f59ab8\" data-element_type=\"widget\" data-e-type=\"widget\" data-widget_type=\"text-editor.default\">\n\t\t\t\t\t\t\t\t\t<p>B\u00fasqueda directa en WeChat \"<strong>Log\u00edstica internacional de inyecci\u00f3n de tinta<\/strong>\" A\u00f1ada para obtener ayuda del servicio de atenci\u00f3n al cliente; o a\u00f1ada a nuestro director comercial en WeChat y pregunte igualmente por cuestiones detalladas sobre el env\u00edo;<\/p>\t\t\t\t\t\t\t\t<\/div>\n\t\t<div class=\"elementor-element elementor-element-c067ba1 e-grid e-con-full e-con e-parent\" data-id=\"c067ba1\" data-element_type=\"container\" data-e-type=\"container\" data-settings=\"{&quot;background_background&quot;:&quot;classic&quot;}\">\n\t\t\t\t<div class=\"elementor-element elementor-element-e35994d elementor-position-top elementor-widget elementor-widget-image-box\" data-id=\"e35994d\" data-element_type=\"widget\" data-e-type=\"widget\" data-widget_type=\"image-box.default\">\n\t\t\t\t\t<div class=\"elementor-image-box-wrapper\"><figure class=\"elementor-image-box-img\"><img fetchpriority=\"high\" decoding=\"async\" width=\"258\" height=\"258\" src=\"https:\/\/mojieguoji.com\/wp-content\/uploads\/2024\/04\/weixin.jpg\" class=\"attachment-full size-full wp-image-1232\" alt=\"Consultas Comerciales\" srcset=\"https:\/\/mojieguoji.com\/wp-content\/uploads\/2024\/04\/weixin.jpg 258w, https:\/\/mojieguoji.com\/wp-content\/uploads\/2024\/04\/weixin-150x150.jpg 150w\" sizes=\"(max-width: 258px) 100vw, 258px\" \/><\/figure><div class=\"elementor-image-box-content\"><p class=\"elementor-image-box-description\">Director de Log\u00edstica Internacional de Inyecci\u00f3n de Tinta WeChat<\/p><\/div><\/div>\t\t\t\t<\/div>\n\t\t\t\t<div class=\"elementor-element elementor-element-4c63b63 elementor-position-top elementor-widget elementor-widget-image-box\" data-id=\"4c63b63\" data-element_type=\"widget\" data-e-type=\"widget\" data-widget_type=\"image-box.default\">\n\t\t\t\t\t<div class=\"elementor-image-box-wrapper\"><figure class=\"elementor-image-box-img\"><img decoding=\"async\" width=\"258\" height=\"258\" src=\"https:\/\/mojieguoji.com\/wp-content\/uploads\/2024\/04\/\u4e1a\u52a1\u5fae\u4fe1.jpg\" class=\"attachment-full size-full wp-image-303\" alt=\"Consultas Comerciales\" srcset=\"https:\/\/mojieguoji.com\/wp-content\/uploads\/2024\/04\/\u4e1a\u52a1\u5fae\u4fe1.jpg 258w, https:\/\/mojieguoji.com\/wp-content\/uploads\/2024\/04\/\u4e1a\u52a1\u5fae\u4fe1-150x150.jpg 150w\" sizes=\"(max-width: 258px) 100vw, 258px\" \/><\/figure><div class=\"elementor-image-box-content\"><p class=\"elementor-image-box-description\">Director de Log\u00edstica Internacional de Inyecci\u00f3n de Tinta WeChat<\/p><\/div><\/div>\t\t\t\t<\/div>\n\t\t\t\t<div class=\"elementor-element elementor-element-f0834f6 elementor-position-top elementor-widget elementor-widget-image-box\" data-id=\"f0834f6\" data-element_type=\"widget\" data-e-type=\"widget\" data-widget_type=\"image-box.default\">\n\t\t\t\t\t<div class=\"elementor-image-box-wrapper\"><figure class=\"elementor-image-box-img\"><img decoding=\"async\" width=\"258\" height=\"258\" src=\"https:\/\/mojieguoji.com\/wp-content\/uploads\/2025\/08\/whatsapp\uff082\uff09.jpg\" class=\"attachment-full size-full wp-image-1476\" alt=\"whatsapp (2)\" srcset=\"https:\/\/mojieguoji.com\/wp-content\/uploads\/2025\/08\/whatsapp\uff082\uff09.jpg 258w, https:\/\/mojieguoji.com\/wp-content\/uploads\/2025\/08\/whatsapp\uff082\uff09-150x150.jpg 150w, https:\/\/mojieguoji.com\/wp-content\/uploads\/2025\/08\/whatsapp\uff082\uff09-12x12.jpg 12w\" sizes=\"(max-width: 258px) 100vw, 258px\" \/><\/figure><div class=\"elementor-image-box-content\"><p class=\"elementor-image-box-description\">Whatsapp, Director de Log\u00edstica Internacional de Inkjet<\/p><\/div><\/div>\t\t\t\t<\/div>\n\t\t\t\t<\/div>\n\t\t\t\t\t<\/div>\n\t\t<\/div>\n\t\t\t\t<div class=\"elementor-column elementor-col-50 elementor-top-column elementor-element elementor-element-6525c40c animated-slow elementor-invisible\" data-id=\"6525c40c\" data-element_type=\"column\" data-e-type=\"column\" data-settings=\"{&quot;animation&quot;:&quot;fadeInRight&quot;}\">\n\t\t\t<div class=\"elementor-widget-wrap elementor-element-populated\">\n\t\t\t\t\t\t<div class=\"elementor-element elementor-element-56c62d30 elementor-widget elementor-widget-spacer\" data-id=\"56c62d30\" data-element_type=\"widget\" data-e-type=\"widget\" data-widget_type=\"spacer.default\">\n\t\t\t\t\t\t\t<div class=\"elementor-spacer\">\n\t\t\t<div class=\"elementor-spacer-inner\"><\/div>\n\t\t<\/div>\n\t\t\t\t\t\t<\/div>\n\t\t\t\t<div class=\"elementor-element elementor-element-2edbeee4 elementor-widget elementor-widget-image\" data-id=\"2edbeee4\" data-element_type=\"widget\" data-e-type=\"widget\" data-widget_type=\"image.default\">\n\t\t\t\t\t\t\t\t\t\t\t\t\t\t\t<img loading=\"lazy\" decoding=\"async\" width=\"800\" height=\"900\" src=\"https:\/\/mojieguoji.com\/wp-content\/uploads\/2024\/04\/\u58a8\u6377\u6df1\u5733\u8de8\u5883\u7535\u5546\u5c55\u4f1a.jpg\" class=\"attachment-full size-full wp-image-536\" alt=\"Exposici\u00f3n transfronteriza de comercio electr\u00f3nico Mojie Shenzhen\" srcset=\"https:\/\/mojieguoji.com\/wp-content\/uploads\/2024\/04\/\u58a8\u6377\u6df1\u5733\u8de8\u5883\u7535\u5546\u5c55\u4f1a.jpg 800w, https:\/\/mojieguoji.com\/wp-content\/uploads\/2024\/04\/\u58a8\u6377\u6df1\u5733\u8de8\u5883\u7535\u5546\u5c55\u4f1a-267x300.jpg 267w, https:\/\/mojieguoji.com\/wp-content\/uploads\/2024\/04\/\u58a8\u6377\u6df1\u5733\u8de8\u5883\u7535\u5546\u5c55\u4f1a-768x864.jpg 768w\" sizes=\"(max-width: 800px) 100vw, 800px\" \/>\t\t\t\t\t\t\t\t\t\t\t\t\t\t\t<\/div>\n\t\t\t\t\t<\/div>\n\t\t<\/div>\n\t\t\t\t\t<\/div>\n\t\t<\/section>\n\t\t\t\t<section class=\"elementor-section elementor-top-section elementor-element elementor-element-5ac1b48a elementor-section-full_width elementor-section-height-default elementor-section-height-default\" data-id=\"5ac1b48a\" data-element_type=\"section\" data-e-type=\"section\">\n\t\t\t\t\t\t<div class=\"elementor-container elementor-column-gap-no\">\n\t\t\t\t\t<div class=\"elementor-column elementor-col-100 elementor-top-column elementor-element elementor-element-f1156a0\" data-id=\"f1156a0\" data-element_type=\"column\" data-e-type=\"column\">\n\t\t\t<div class=\"elementor-widget-wrap elementor-element-populated\">\n\t\t\t\t\t\t<div class=\"elementor-element elementor-element-c834e8e elementor-widget elementor-widget-image\" data-id=\"c834e8e\" data-element_type=\"widget\" data-e-type=\"widget\" data-widget_type=\"image.default\">\n\t\t\t\t\t\t\t\t\t\t\t\t\t\t\t<img loading=\"lazy\" decoding=\"async\" width=\"1920\" height=\"600\" src=\"https:\/\/mojieguoji.com\/wp-content\/uploads\/2024\/04\/\u6df1\u5733\u6d77\u8fd0\u4ed3\u5e93.jpg\" class=\"attachment-full size-full wp-image-537\" alt=\"Almac\u00e9n marino de Shenzhen\" srcset=\"https:\/\/mojieguoji.com\/wp-content\/uploads\/2024\/04\/\u6df1\u5733\u6d77\u8fd0\u4ed3\u5e93.jpg 1920w, https:\/\/mojieguoji.com\/wp-content\/uploads\/2024\/04\/\u6df1\u5733\u6d77\u8fd0\u4ed3\u5e93-300x94.jpg 300w, https:\/\/mojieguoji.com\/wp-content\/uploads\/2024\/04\/\u6df1\u5733\u6d77\u8fd0\u4ed3\u5e93-1024x320.jpg 1024w, https:\/\/mojieguoji.com\/wp-content\/uploads\/2024\/04\/\u6df1\u5733\u6d77\u8fd0\u4ed3\u5e93-768x240.jpg 768w, https:\/\/mojieguoji.com\/wp-content\/uploads\/2024\/04\/\u6df1\u5733\u6d77\u8fd0\u4ed3\u5e93-1536x480.jpg 1536w\" sizes=\"(max-width: 1920px) 100vw, 1920px\" \/>\t\t\t\t\t\t\t\t\t\t\t\t\t\t\t<\/div>\n\t\t\t\t<section class=\"elementor-section elementor-inner-section elementor-element elementor-element-44add108 elementor-section-boxed elementor-section-height-default elementor-section-height-default\" data-id=\"44add108\" data-element_type=\"section\" data-e-type=\"section\">\n\t\t\t\t\t\t<div class=\"elementor-container elementor-column-gap-default\">\n\t\t\t\t\t<div class=\"elementor-column elementor-col-100 elementor-inner-column elementor-element elementor-element-10d17f3 animated-slow elementor-invisible\" data-id=\"10d17f3\" data-element_type=\"column\" data-e-type=\"column\" data-settings=\"{&quot;background_background&quot;:&quot;classic&quot;,&quot;animation&quot;:&quot;fadeInUp&quot;}\">\n\t\t\t<div class=\"elementor-widget-wrap elementor-element-populated\">\n\t\t\t\t\t\t<div class=\"elementor-element elementor-element-6734e024 elementor-widget elementor-widget-heading\" data-id=\"6734e024\" data-element_type=\"widget\" data-e-type=\"widget\" data-widget_type=\"heading.default\">\n\t\t\t\t\t<h4 class=\"elementor-heading-title elementor-size-default\">P\u00f3ngase en contacto con nosotros<\/h4>\t\t\t\t<\/div>\n\t\t\t\t<div class=\"elementor-element elementor-element-225db879 elementor-widget elementor-widget-text-editor\" data-id=\"225db879\" data-element_type=\"widget\" data-e-type=\"widget\" data-widget_type=\"text-editor.default\">\n\t\t\t\t\t\t\t\t\t<p>P\u00f3ngase en contacto con nuestro director comercial para obtener la informaci\u00f3n m\u00e1s reciente sobre el calendario de env\u00edos, el precio m\u00e1s reciente de los fletes y los vuelos de carga a\u00e9rea, el precio de los fletes a\u00e9reos, etc.; obtenga la informaci\u00f3n importante, como la fecha l\u00edmite de los fletes a\u00e9reos y mar\u00edtimos, el despegue de los vuelos de salida, etc., y haga los arreglos razonables para el env\u00edo;<\/p>\t\t\t\t\t\t\t\t<\/div>\n\t\t\t\t<section class=\"elementor-section elementor-inner-section elementor-element elementor-element-5a574d06 elementor-section-boxed elementor-section-height-default elementor-section-height-default\" data-id=\"5a574d06\" data-element_type=\"section\" data-e-type=\"section\">\n\t\t\t\t\t\t<div class=\"elementor-container elementor-column-gap-default\">\n\t\t\t\t\t<div class=\"elementor-column elementor-col-50 elementor-inner-column elementor-element elementor-element-3c915cdc\" data-id=\"3c915cdc\" data-element_type=\"column\" data-e-type=\"column\">\n\t\t\t<div class=\"elementor-widget-wrap elementor-element-populated\">\n\t\t\t\t\t\t<div class=\"elementor-element elementor-element-6fa8c606 elementor-position-inline-start elementor-mobile-position-inline-start elementor-view-default elementor-widget elementor-widget-icon-box\" data-id=\"6fa8c606\" data-element_type=\"widget\" data-e-type=\"widget\" data-widget_type=\"icon-box.default\">\n\t\t\t\t\t\t\t<div class=\"elementor-icon-box-wrapper\">\n\n\t\t\t\t\t\t<div class=\"elementor-icon-box-icon\">\n\t\t\t\t<span  class=\"elementor-icon\">\n\t\t\t\t<i aria-hidden=\"true\" class=\"icon icon-phone-call2\"><\/i>\t\t\t\t<\/span>\n\t\t\t<\/div>\n\t\t\t\n\t\t\t\t\t\t<div class=\"elementor-icon-box-content\">\n\n\t\t\t\t\t\t\t\t\t<h4 class=\"elementor-icon-box-title\">\n\t\t\t\t\t\t<span  >\n\t\t\t\t\t\t\tn\u00famero de tel\u00e9fono\t\t\t\t\t\t<\/span>\n\t\t\t\t\t<\/h4>\n\t\t\t\t\n\t\t\t\t\t\t\t\t\t<p class=\"elementor-icon-box-description\">\n\t\t\t\t\t\t+86 13501543760<br>+86 13927297676\t\t\t\t\t<\/p>\n\t\t\t\t\n\t\t\t<\/div>\n\t\t\t\n\t\t<\/div>\n\t\t\t\t\t\t<\/div>\n\t\t\t\t\t<\/div>\n\t\t<\/div>\n\t\t\t\t<div class=\"elementor-column elementor-col-50 elementor-inner-column elementor-element elementor-element-16749ac2\" data-id=\"16749ac2\" data-element_type=\"column\" data-e-type=\"column\">\n\t\t\t<div class=\"elementor-widget-wrap elementor-element-populated\">\n\t\t\t\t\t\t<div class=\"elementor-element elementor-element-28926084 elementor-position-inline-start elementor-mobile-position-inline-start elementor-view-default elementor-widget elementor-widget-icon-box\" data-id=\"28926084\" data-element_type=\"widget\" data-e-type=\"widget\" data-widget_type=\"icon-box.default\">\n\t\t\t\t\t\t\t<div class=\"elementor-icon-box-wrapper\">\n\n\t\t\t\t\t\t<div class=\"elementor-icon-box-icon\">\n\t\t\t\t<span  class=\"elementor-icon\">\n\t\t\t\t<i aria-hidden=\"true\" class=\"icon icon-comments\"><\/i>\t\t\t\t<\/span>\n\t\t\t<\/div>\n\t\t\t\n\t\t\t\t\t\t<div class=\"elementor-icon-box-content\">\n\n\t\t\t\t\t\t\t\t\t<h4 class=\"elementor-icon-box-title\">\n\t\t\t\t\t\t<span  >\n\t\t\t\t\t\t\tWeChat P\u00fablico\t\t\t\t\t\t<\/span>\n\t\t\t\t\t<\/h4>\n\t\t\t\t\n\t\t\t\t\t\t\t\t\t<p class=\"elementor-icon-box-description\">\n\t\t\t\t\t\tLog\u00edstica internacional de inyecci\u00f3n de tinta\t\t\t\t\t<\/p>\n\t\t\t\t\n\t\t\t<\/div>\n\t\t\t\n\t\t<\/div>\n\t\t\t\t\t\t<\/div>\n\t\t\t\t\t<\/div>\n\t\t<\/div>\n\t\t\t\t\t<\/div>\n\t\t<\/section>\n\t\t\t\t<section class=\"elementor-section elementor-inner-section elementor-element elementor-element-24e9e3f0 elementor-section-boxed elementor-section-height-default elementor-section-height-default\" data-id=\"24e9e3f0\" data-element_type=\"section\" data-e-type=\"section\">\n\t\t\t\t\t\t<div class=\"elementor-container elementor-column-gap-default\">\n\t\t\t\t\t<div class=\"elementor-column elementor-col-50 elementor-inner-column elementor-element elementor-element-2a996e7b\" data-id=\"2a996e7b\" data-element_type=\"column\" data-e-type=\"column\">\n\t\t\t<div class=\"elementor-widget-wrap elementor-element-populated\">\n\t\t\t\t\t\t<div class=\"elementor-element elementor-element-3da1dd27 elementor-position-inline-start elementor-mobile-position-inline-start elementor-view-default elementor-widget elementor-widget-icon-box\" data-id=\"3da1dd27\" data-element_type=\"widget\" data-e-type=\"widget\" data-widget_type=\"icon-box.default\">\n\t\t\t\t\t\t\t<div class=\"elementor-icon-box-wrapper\">\n\n\t\t\t\t\t\t<div class=\"elementor-icon-box-icon\">\n\t\t\t\t<span  class=\"elementor-icon\">\n\t\t\t\t<i aria-hidden=\"true\" class=\"icon icon-planet-earth\"><\/i>\t\t\t\t<\/span>\n\t\t\t<\/div>\n\t\t\t\n\t\t\t\t\t\t<div class=\"elementor-icon-box-content\">\n\n\t\t\t\t\t\t\t\t\t<h4 class=\"elementor-icon-box-title\">\n\t\t\t\t\t\t<span  >\n\t\t\t\t\t\t\tSitio web oficial de Inkjet\t\t\t\t\t\t<\/span>\n\t\t\t\t\t<\/h4>\n\t\t\t\t\n\t\t\t\t\t\t\t\t\t<p class=\"elementor-icon-box-description\">\n\t\t\t\t\t\thttps:\/\/mojieguoji.com\/\t\t\t\t\t<\/p>\n\t\t\t\t\n\t\t\t<\/div>\n\t\t\t\n\t\t<\/div>\n\t\t\t\t\t\t<\/div>\n\t\t\t\t\t<\/div>\n\t\t<\/div>\n\t\t\t\t<div class=\"elementor-column elementor-col-50 elementor-inner-column elementor-element elementor-element-7f6613b4\" data-id=\"7f6613b4\" data-element_type=\"column\" data-e-type=\"column\">\n\t\t\t<div class=\"elementor-widget-wrap elementor-element-populated\">\n\t\t\t\t\t\t<div class=\"elementor-element elementor-element-65a1b111 elementor-position-inline-start elementor-mobile-position-inline-start elementor-view-default elementor-widget elementor-widget-icon-box\" data-id=\"65a1b111\" data-element_type=\"widget\" data-e-type=\"widget\" data-widget_type=\"icon-box.default\">\n\t\t\t\t\t\t\t<div class=\"elementor-icon-box-wrapper\">\n\n\t\t\t\t\t\t<div class=\"elementor-icon-box-icon\">\n\t\t\t\t<span  class=\"elementor-icon\">\n\t\t\t\t<i aria-hidden=\"true\" class=\"icon icon-placeholder2\"><\/i>\t\t\t\t<\/span>\n\t\t\t<\/div>\n\t\t\t\n\t\t\t\t\t\t<div class=\"elementor-icon-box-content\">\n\n\t\t\t\t\t\t\t\t\t<h4 class=\"elementor-icon-box-title\">\n\t\t\t\t\t\t<span  >\n\t\t\t\t\t\t\tdirecci\u00f3n\t\t\t\t\t\t<\/span>\n\t\t\t\t\t<\/h4>\n\t\t\t\t\n\t\t\t\t\t\t\t\t\t<p class=\"elementor-icon-box-description\">\n\t\t\t\t\t\tDistrito de Baiyun, Guangzhou \/ Distrito de Longgang, Shenzhen\t\t\t\t\t<\/p>\n\t\t\t\t\n\t\t\t<\/div>\n\t\t\t\n\t\t<\/div>\n\t\t\t\t\t\t<\/div>\n\t\t\t\t\t<\/div>\n\t\t<\/div>\n\t\t\t\t\t<\/div>\n\t\t<\/section>\n\t\t\t\t<div class=\"elementor-element elementor-element-2a5f615b elementor-widget-divider--view-line elementor-widget elementor-widget-divider\" data-id=\"2a5f615b\" data-element_type=\"widget\" data-e-type=\"widget\" data-widget_type=\"divider.default\">\n\t\t\t\t\t\t\t<div class=\"elementor-divider\">\n\t\t\t<span class=\"elementor-divider-separator\">\n\t\t\t\t\t\t<\/span>\n\t\t<\/div>\n\t\t\t\t\t\t<\/div>\n\t\t\t\t<div class=\"elementor-element elementor-element-9419bb3 elementor-icon-list--layout-traditional elementor-list-item-link-full_width elementor-widget elementor-widget-icon-list\" data-id=\"9419bb3\" data-element_type=\"widget\" data-e-type=\"widget\" data-widget_type=\"icon-list.default\">\n\t\t\t\t\t\t\t<ul class=\"elementor-icon-list-items\">\n\t\t\t\t\t\t\t<li class=\"elementor-icon-list-item\">\n\t\t\t\t\t\t\t\t\t\t\t<span class=\"elementor-icon-list-icon\">\n\t\t\t\t\t\t\t<svg aria-hidden=\"true\" class=\"e-font-icon-svg e-fas-map-marker-alt\" viewbox=\"0 0 384 512\" xmlns=\"http:\/\/www.w3.org\/2000\/svg\"><path d=\"M172.268 501.67C26.97 291.031 0 269.413 0 192 0 85.961 85.961 0 192 0s192 85.961 192 192c0 77.413-26.97 99.031-172.268 309.67-9.535 13.774-29.93 13.773-39.464 0zM192 272c44.183 0 80-35.817 80-80s-35.817-80-80-80-80 35.817-80 80 35.817 80 80 80z\"><\/path><\/svg>\t\t\t\t\t\t<\/span>\n\t\t\t\t\t\t\t\t\t\t<span class=\"elementor-icon-list-text\">Mojie (Guangzhou): Junehe Street, distrito de Baiyun, Guangzhou, China<\/span>\n\t\t\t\t\t\t\t\t\t<\/li>\n\t\t\t\t\t\t\t\t<li class=\"elementor-icon-list-item\">\n\t\t\t\t\t\t\t\t\t\t\t<span class=\"elementor-icon-list-icon\">\n\t\t\t\t\t\t\t<svg aria-hidden=\"true\" class=\"e-font-icon-svg e-fas-map-marker-alt\" viewbox=\"0 0 384 512\" xmlns=\"http:\/\/www.w3.org\/2000\/svg\"><path d=\"M172.268 501.67C26.97 291.031 0 269.413 0 192 0 85.961 85.961 0 192 0s192 85.961 192 192c0 77.413-26.97 99.031-172.268 309.67-9.535 13.774-29.93 13.773-39.464 0zM192 272c44.183 0 80-35.817 80-80s-35.817-80-80-80-80 35.817-80 80 35.817 80 80 80z\"><\/path><\/svg>\t\t\t\t\t\t<\/span>\n\t\t\t\t\t\t\t\t\t\t<span class=\"elementor-icon-list-text\">Mojie (Shenzhen): calle Bantian, distrito de Longgang, Shenzhen, China<\/span>\n\t\t\t\t\t\t\t\t\t<\/li>\n\t\t\t\t\t\t<\/ul>\n\t\t\t\t\t\t<\/div>\n\t\t\t\t\t<\/div>\n\t\t<\/div>\n\t\t\t\t\t<\/div>\n\t\t<\/section>\n\t\t\t\t\t<\/div>\n\t\t<\/div>\n\t\t\t\t\t<\/div>\n\t\t<\/section>\n\t\t\t\t<\/div>","protected":false},"excerpt":{"rendered":"<p>\u83b7\u53d6\u60a8\u7684\u4e13\u5c5e\u7269\u6d41\u65b9\u6848 | \u4e13\u4e1a\u56e2\u961f\uff0c\u5feb\u901f\u54cd\u5e94 \u58a8\u897f\u54e5\u7269\u6d41\u4e13\u7ebf\u7efc\u5408\u670d\u52a1\u5546 \u5173\u6ce8\u6211\u4eec\uff0c\u83b7\u53d6\u62a5\u4ef7\u4f18\u60e0\u4e0e\u5ba2\u670d\u652f\u6301 \u5fae\u4fe1 [&hellip;]<\/p>\n","protected":false},"author":1,"featured_media":0,"parent":0,"menu_order":0,"comment_status":"closed","ping_status":"closed","template":"elementor_header_footer","meta":{"_acf_changed":false,"_seopress_robots_primary_cat":"","_seopress_titles_title":"\u58a8\u897f\u54e5\u7269\u6d41\u4e13\u7ebf\u670d\u52a1\u5546\u7f8e\u5ba2\u591a\u4e9a\u9a6c\u900aFBA\u8de8\u5883\u4e13\u7ebf","_seopress_titles_desc":"\u58a8\u897f\u54e5\u8de8\u5883\u7535\u5546\u7269\u6d41\u4e13\u7ebf\uff0c\u7a7a\u6d77\u8fd0\u53cc\u6e05\u5305\u7a0e\u8fd0\u8f93\uff0c\u58a8\u57ce\u81ea\u8425\u6d77\u5916\u4ed3\uff0c\u56fd\u5185\u5e7f\u5dde\u6df1\u5733\u81ea\u6709\u516c\u53f8\u548c\u6536\u8d27\u4ed3\u5e93\uff1b\u51fa\u6d77\u58a8\u897f\u54e5\u4f01\u4e1a\u4f18\u52bf\u9009\u62e9\uff1b","_seopress_robots_index":"","footnotes":""},"class_list":["post-385","page","type-page","status-publish","hentry"],"acf":[],"_links":{"self":[{"href":"https:\/\/mojieguoji.com\/es\/wp-json\/wp\/v2\/pages\/385","targetHints":{"allow":["GET"]}}],"collection":[{"href":"https:\/\/mojieguoji.com\/es\/wp-json\/wp\/v2\/pages"}],"about":[{"href":"https:\/\/mojieguoji.com\/es\/wp-json\/wp\/v2\/types\/page"}],"author":[{"embeddable":true,"href":"https:\/\/mojieguoji.com\/es\/wp-json\/wp\/v2\/users\/1"}],"replies":[{"embeddable":true,"href":"https:\/\/mojieguoji.com\/es\/wp-json\/wp\/v2\/comments?post=385"}],"version-history":[{"count":0,"href":"https:\/\/mojieguoji.com\/es\/wp-json\/wp\/v2\/pages\/385\/revisions"}],"wp:attachment":[{"href":"https:\/\/mojieguoji.com\/es\/wp-json\/wp\/v2\/media?parent=385"}],"curies":[{"name":"wp","href":"https:\/\/api.w.org\/{rel}","templated":true}]}}